{"id":58,"date":"2020-04-22T11:24:00","date_gmt":"2020-04-22T09:24:00","guid":{"rendered":"http:\/\/die-stadtwerker.de\/?page_id=58"},"modified":"2020-05-08T13:35:19","modified_gmt":"2020-05-08T11:35:19","slug":"datenschutz","status":"publish","type":"page","link":"https:\/\/die-stadtwerker.de\/?page_id=58","title":{"rendered":"DATENSCHUTZ"},"content":{"rendered":"<p>[vc_row css=&#8220;.vc_custom_1588928574376{padding-top: 100px !important;}&#8220;][vc_column width=&#8220;1\/4&#8243;][vc_empty_space][\/vc_column][vc_column width=&#8220;1\/2&#8243;][vc_column_text]<\/p>\r\n<h2 class=\"wp-block-heading\">Datenschutzerkl\u00e4rung<\/h2>\r\n\r\n<p>Die Erhebung, Verarbeitung und Nutzung Ihrer Daten durch die stadtwerker erfolgt im Rahmen der gesetzlichen Vorschriften, \u00fcber die Sie sich z.B. unter <a href=\"https:\/\/www.bfd.bund.de\/\"><u>www.bfd.bund.de<\/u><\/a> informieren k\u00f6nnen.<\/p>\r\n\r\n<p>Nachfolgend erfahren Sie, welche Informationen gesammelt werden und wie mit diesen verfahren wird.<\/p>\r\n\r\n<p>&nbsp;<\/p>\r\n\r\n<h3 class=\"has-text-color wp-block-heading\" style=\"color: #006699;\">1. Erhebung und Speicherung personenbezogener Daten sowie Art und Zweck von deren Verwendung<\/h3>\r\n\r\n<p>a) Beim Besuch der Webseite<\/p>\r\n\r\n<p>Bei jedem Zugriff eines Kunden, Partners oder sonstigen Besuchers auf unserer Webseite werden durch den auf Ihrem Endger\u00e4t (Computer, Laptop, Tablet, Smartphone, etc.) zum Einsatz kommenden Internet-Browser automatisch Informationen an den Server unserer Webseite gesendet. Diese Informationen werden tempor\u00e4r in einem sog. Logfile (Protokolldatei) gespeichert.<\/p>\r\n\r\n<p>Folgende Daten werden dabei ohne Ihr Zutun erfasst und bis zur automatisierten L\u00f6schung gespeichert:<\/p>\r\n\r\n<p>&nbsp;<\/p>\r\n\r\n<ul>\r\n<li>IP-Adresse des anfragenden Rechners, sowie Ger\u00e4te-ID oder individuelle Ger\u00e4te-Kennung und Ger\u00e4tetyp,<\/li>\r\n<li>Name der abgerufenen Datei und \u00fcbertragene Datenmenge, sowie Datum und Uhrzeit des Abrufs,<\/li>\r\n<li>Meldung \u00fcber erfolgreichen Abruf,<\/li>\r\n<li>anfragende Domain,<\/li>\r\n<li>Beschreibung des Typs des verwendeten Internet-Browsers und ggf. des Betriebssystems Ihres Endger\u00e4ts sowie der Name Ihres Access-Providers,<\/li>\r\n<li>Ihre Browser-Verlaufsdaten sowie Ihre standardm\u00e4\u00dfigen Weblog-Informationen,<\/li>\r\n<li>Standortdaten, einschlie\u00dflich Standortdaten von Ihrem Mobilger\u00e4t. Bitte beachten Sie, dass Sie bei den meisten Mobilger\u00e4ten die Verwendung von Standortservices im Einstellungsmen\u00fc des Mobilger\u00e4ts steuern oder deaktivieren k\u00f6nnen.<\/li>\r\n<\/ul>\r\n\r\n<p>Unser berechtigtes Interesse gem. Art. 6 Abs. 1 S. 1 lit. f DSGVO zur Erhebung der Daten beruht auf den folgenden Zwecken:<\/p>\r\n\r\n<p>&nbsp;<\/p>\r\n\r\n<ul>\r\n<li>Gew\u00e4hrleistung eines reibungslosen Verbindungsaufbaus und einer komfortablen Nutzung der Webseite,<\/li>\r\n<li>Auswertung der Systemsicherheit und -stabilit\u00e4t sowie<\/li>\r\n<li>zu weiteren administrativen Zwecken.<\/li>\r\n<\/ul>\r\n\r\n<p>In keinem Fall verwenden wir die erhobenen Daten zu dem Zweck, R\u00fcckschl\u00fcsse auf Ihre Person zu ziehen.<\/p>\r\n\r\n<p>b) Bei Nutzung unseres Kontaktformulars<\/p>\r\n\r\n<p>Bei Fragen jeglicher Art bieten wir Ihnen die M\u00f6glichkeit, mit uns \u00fcber ein auf der Webseite bereitgestelltes Formular Kontakt aufzunehmen. Dabei ist mindestens die Angabe einer g\u00fcltigen E-Mail-Adresse und Ihr Name erforderlich, damit wir wissen, von wem die Anfrage stammt und um diese beantworten zu k\u00f6nnen. Weitere Angaben k\u00f6nnen freiwillig get\u00e4tigt werden.<\/p>\r\n\r\n<p>Die Datenverarbeitung zum Zwecke der Kontaktaufnahme mit uns erfolgt gem. Art. 6 Abs. 1 S. 1 lit. a DSGVO auf Grundlage Ihrer freiwillig erteilten Einwilligung.<\/p>\r\n\r\n<p>Die f\u00fcr die Benutzung des Kontaktformulars von uns erhobenen personenbezogenen Daten werden nach Erledigung der von Ihnen gestellten Anfrage automatisch gel\u00f6scht.<\/p>\r\n\r\n<p>c) Bei Abschluss eines Vertragsverh\u00e4ltnisses<\/p>\r\n\r\n<p>Bei Abschluss eines Vertragsverh\u00e4ltnisses auf unserer Webseite oder der Nutzung unseres Partnerportals bitten wir Sie um die Angaben folgender personenbezogener Daten:<\/p>\r\n\r\n<p>&nbsp;<\/p>\r\n\r\n<ul>\r\n<li>Daten, die Sie pers\u00f6nlich identifizieren wie Name und E-Mail-Adresse, Anschrift und Telefonnummer, Geburtsdatum,<\/li>\r\n<li>die Informationen zu Ihrem Zahlungsmittel,<\/li>\r\n<li>Daten, die Ihr Unternehmen identifizieren, wie Firma, Anschrift, Kommunikationsdaten (E-Mail-Adresse, Telefon-, Faxnummer), ggf. USt-ID oder Steuernummer,<\/li>\r\n<li>weitere personenbezogene Daten, zu deren Erfassung und Verarbeitung wir gesetzlich verpflichtet oder berechtigt sind und die wir f\u00fcr Ihre Authentifizierung, Identifizierung oder zur \u00dcberpr\u00fcfung der von uns erhobenen Daten ben\u00f6tigen.<\/li>\r\n<\/ul>\r\n\r\n<p>Die genannten Daten werden zur Abwicklung des Vertragsverh\u00e4ltnisses verarbeitet. Die Verarbeitung der Daten erfolgt aufgrund von Art. 6 Abs. 1 lit. b DSGVO. Die Speicherfrist ist auf den Vertragszweck und, sofern vorhanden, gesetzliche und vertragliche Aufbewahrungspflichten beschr\u00e4nkt.<\/p>\r\n\r\n<p>&nbsp;<\/p>\r\n\r\n<h3 class=\"has-text-color wp-block-heading\" style=\"color: #006699;\">2. Weitergabe personenbezogener Daten<\/h3>\r\n\r\n<p>Eine \u00dcbermittlung Ihrer Daten an Dritte zu anderen als den im Folgenden aufgef\u00fchrten Zwecken findet nicht statt.<\/p>\r\n\r\n<p>Wir geben Ihre Daten nur an Dritte weiter, wenn:<\/p>\r\n\r\n<p>&nbsp;<\/p>\r\n\r\n<ul>\r\n<li>Sie eine ausdr\u00fcckliche Einwilligung dazu erteilt haben nach (Art. 6 Abs. 1 S. 1 lit. a DSGVO),<\/li>\r\n<li>dies f\u00fcr die Abwicklung von Vertragsverh\u00e4ltnissen mit Ihnen erforderlich ist (Art. 6 Abs. 1 lit. b DSGVO),<\/li>\r\n<li>eine gesetzliche Verpflichtung zur Weitergabe besteht (Art.6 Abs.1 lit. c DSGVO),<\/li>\r\n<li>die Weitergabe zur Geltendmachung, Aus\u00fcbung oder Verteidigung von Rechtsanspr\u00fcchen erforderlich ist und kein Grund zur Annahme besteht, dass Sie ein \u00fcberwiegendes schutzw\u00fcrdiges Interesse an der Nichtweitergabe Ihrer Daten haben (Art. 6 Abs. 1 S. 1 lit. f DSGVO).<\/li>\r\n<\/ul>\r\n\r\n<p>In diesen F\u00e4llen beschr\u00e4nkt sich der Umfang der \u00fcbermittelten Daten jedoch nur auf das erforderliche Minimum.<\/p>\r\n\r\n<p>Unsere Datenschutzbestimmungen stehen im Einklang mit den geltenden datenschutzrechtlichen Bestimmungen und die Daten werden nur in der Bundesrepublik Deutschland verarbeitet. Eine \u00dcbermittlung in Drittl\u00e4nder findet nicht statt und ist nicht beabsichtigt.<\/p>\r\n\r\n<p>&nbsp;<\/p>\r\n\r\n<h3 class=\"has-text-color wp-block-heading\" style=\"color: #006699;\">3. Betroffenenrechte<\/h3>\r\n\r\n<p>Auf Anfrage werden wir Sie gern informieren, ob und welche personenbezogenen Daten zu Ihrer Person gespeichert sind (Art. 15 DSGVO), insbesondere \u00fcber die Verarbeitungszwecke, die Kategorie der personenbezogenen Daten, die Kategorien von Empf\u00e4ngern, gegen\u00fcber denen Ihre Daten offengelegt wurden oder werden, die geplante Speicherdauer, das Bestehen eines Rechts auf Berichtigung, L\u00f6schung, Einschr\u00e4nkung der Verarbeitung oder Widerspruch, das Bestehen eines Beschwerderechts, die Herkunft ihrer Daten, sofern diese nicht bei uns erhoben wurden, sowie \u00fcber das Bestehen einer automatisierten Entscheidungsfindung einschlie\u00dflich Profiling.<\/p>\r\n\r\n<p>Ihnen steht zudem das Recht zu, etwaig unrichtig erhobene personenbezogene Daten berichtigen oder unvollst\u00e4ndig erhobene Daten vervollst\u00e4ndigen zu lassen (Art. 16 DSGVO).<\/p>\r\n\r\n<p>Ferner haben Sie das Recht, von uns die Einschr\u00e4nkung der Verarbeitung Ihrer Daten zu verlangen, sofern die gesetzlichen Voraussetzungen hierf\u00fcr vorliegen (Art. 18 DSGVO).<\/p>\r\n\r\n<p>Sie haben das Recht, die Sie betreffenden personenbezogenen Daten in einem strukturierten, g\u00e4ngigen und maschinenlesbaren Format zu erhalten oder die \u00dcbermittlung an einen anderen Verantwortlichen zu verlangen (Art. 20 DSGVO).<\/p>\r\n\r\n<p>Dar\u00fcber hinaus steht Ihnen das sogenannte \u201eRecht auf Vergessenwerden\u201c zu, d.h. Sie k\u00f6nnen von uns die L\u00f6schung Ihrer personenbezogenen Daten verlangen, sofern hierf\u00fcr die gesetzlichen Voraussetzungen vorliegen (Art. 17 DSGVO).<\/p>\r\n\r\n<p>Unabh\u00e4ngig davon werden Ihre personenbezogenen Daten automatisch von uns gel\u00f6scht, wenn der Zweck der Datenerhebung weggefallen oder die Datenverarbeitung unrechtm\u00e4\u00dfig erfolgt ist.<\/p>\r\n\r\n<p>Gem\u00e4\u00df Art. 7 Abs. 3 DSGVO haben Sie das Recht Ihre einmal erteilte Einwilligung jederzeit gegen\u00fcber uns zu widerrufen. Dies hat zur Folge, dass wir die Datenverarbeitung, die auf dieser Einwilligung beruhte, f\u00fcr die Zukunft nicht mehr fortf\u00fchren d\u00fcrfen.<\/p>\r\n\r\n<p>Sie haben zudem das Recht, jederzeit gegen die Verarbeitung Ihrer personenbezogenen Daten Widerspruch zu erheben, sofern ein Widerspruchsrecht gesetzlich vorgesehen ist. Im Falle eines wirksamen Widerrufs werden Ihre personenbezogenen Daten ebenfalls automatisch durch uns gel\u00f6scht (Art. 21 DSGVO).<\/p>\r\n\r\n<p>M\u00f6chten Sie von Ihrem Widerrufs- oder Widerspruchsrecht Gebrauch machen, gen\u00fcgt eine E-Mail an: <a href=\"mailto:info@die-stadtwerker.de\">info@die-stadtwerker.de<\/a><\/p>\r\n\r\n<p>Bei Verst\u00f6\u00dfen gegen die datenschutzrechtlichen Vorschriften haben Sie gem. Art. 77 DSGVO die M\u00f6glichkeit, Beschwerde bei der zust\u00e4ndigen Aufsichtsbeh\u00f6rde zu erheben. Zust\u00e4ndige Aufsichtsbeh\u00f6rde ist sowohl die Landesbeauftragte f\u00fcr Datenschutz Nordrhein-Westfalen (<a href=\"https:\/\/www.ldi.nrw.de\/mainmenu_Datenschutz\/\">https:\/\/www.ldi.nrw.de\/mainmenu_Datenschutz\/<\/a>) als auch jede andere Aufsichtsbeh\u00f6rde.<\/p>\r\n\r\n<p>&nbsp;<\/p>\r\n\r\n<h3 class=\"has-text-color wp-block-heading\" style=\"color: #006699;\">4. Dauer der Datenspeicherung<\/h3>\r\n\r\n<p>Die erhobenen Daten werden solange bei uns gespeichert, wie dies f\u00fcr die Durchf\u00fchrung der mit uns eingegangen Vertr\u00e4ge erforderlich ist oder Sie Ihr Recht auf L\u00f6schung oder Ihr Recht auf Daten\u00fcbertragung auf ein anderes Unternehmen nicht ausge\u00fcbt haben.<\/p>\r\n\r\n<p>&nbsp;<\/p>\r\n\r\n<h3 class=\"has-text-color wp-block-heading\" style=\"color: #006699;\">5. Erzeugung von Cookies<\/h3>\r\n\r\n<p>Wenn Sie unsere Internetseite besuchen, werden durch uns veranlasste Informationen in Form von so genannten \u201eCookies\u201c auf Ihrem Computer abgelegt, die uns Ihren Computer beim n\u00e4chsten Besuch auf unserer Internetseite automatisch wieder erkennen lassen. Cookies erlauben es uns u. a., eine Internetseite Ihren W\u00fcnschen anzupassen oder Ihr Kennwort so zu speichern, dass Sie es nicht jedes Mal neu eingeben m\u00fcssen.<\/p>\r\n\r\n<p>Der Einsatz von Cookies dient zun\u00e4chst dazu, die Nutzung unseres Angebots f\u00fcr Sie angenehmer zu gestalten: So setzen wir sog. Session-Cookies ein, um zu erkennen, dass Sie einzelne Unterseiten unserer Webseite bereits besucht haben und sofern, Sie sich registriert haben, wird ihr Kennwort w\u00e4hrend des Dauer Ihres Besuchs auf unserer Webseite und des Wechseln von Unterseiten gespeichert, so dass Sie es nicht jedes Mal neu eingeben m\u00fcssen\u201c. Diese Session-Cookies werden nach Verlassen unserer Webseite automatisch gel\u00f6scht. Dar\u00fcber hinaus setzen wir ebenfalls zur Optimierung der Benutzerfreundlichkeit tempor\u00e4re Cookies ein, die f\u00fcr einen bestimmten festgelegten Zeitraum auf Ihrem Endger\u00e4t gespeichert werden. Besuchen Sie unsere Seite erneut, um unsere Dienste in Anspruch zu nehmen, wird automatisch erkannt, dass Sie bereits bei uns waren und welche Eingaben und Einstellungen Sie get\u00e4tigt haben, um diese nicht noch einmal eingeben zu m\u00fcssen.<\/p>\r\n\r\n<p>Au\u00dferdem setzen wir Cookies ein, um die Nutzung unserer Webseite statistisch zu erfassen und auszuwerten und unser Angebotes f\u00fcr Sie zu optimieren. Diese Cookies erm\u00f6glichen es uns, bei einem erneuten Besuch unserer Webseite automatisch zu erkennen, dass Sie bereits bei uns waren. Diese Cookies werden nach einer jeweils definierten Zeit automatisch gel\u00f6scht.<\/p>\r\n\r\n<p>Die durch Cookies verarbeiteten Daten sind f\u00fcr die genannten Zwecke zur Wahrung unserer berechtigten Interessen sowie der Dritter nach Art. 6 Abs. 1 S. 1 lit. f DSGVO erforderlich. Die meisten Browser akzeptieren Cookies automatisch. Wenn Sie es nicht w\u00fcnschen, dass wir Informationen \u00fcber Ihren Computer wiedererkennen, stellen Sie Ihren Internetbrowser bitte so ein, dass er Cookies von Ihrer Computerfestplatte l\u00f6scht, alle Cookies blockiert oder Sie warnt, bevor ein Cookie gespeichert wird. Wie Sie Cookies l\u00f6schen oder blockieren k\u00f6nnen, erfahren Sie im Hilfe- und Support-Bereich Ihres Internet-Browsers. Dort finden Sie Anweisungen zur Suche der Datei oder des Verzeichnisses, in dem Cookies gespeichert werden.<\/p>\r\n\r\n<p>Bitte beachten Sie in jedem Fall, dass die vollst\u00e4ndige Deaktivierung von Cookies dazu f\u00fchren kann, dass Sie nicht alle Funktionen unserer Webseite nutzen k\u00f6nnen.<\/p>\r\n\r\n<p>Bei der Bereitstellung unseres Internetangebots werden Java-Applets und Java-Script verwendet. Falls Sie sich aus Sicherheitsgr\u00fcnden diese Hilfsprogramme bzw. aktiven Inhalte nicht nutzbar machen wollen, sollten Sie die entsprechende Einstellung Ihres Browsers deaktivieren.<\/p>\r\n\r\n<p>&nbsp;<\/p>\r\n\r\n<h3 class=\"has-text-color wp-block-heading\" style=\"color: #006699;\">6. Facebook<\/h3>\r\n\r\n<p>Auf unserer Internetseite werden Social Plugins (\u201cPlugins\u201d) des sozialen Netzwerkes facebook.com verwendet, welches von der Facebook Inc., 1601 S. California Ave, Palo Alto, CA 94304, USA betrieben wird (\u201cFacebook\u201d). Die Plugins sind an einem der Facebook Logos erkennbar (wei\u00dfes \u201ef\u201c auf blauer Kachel oder ein \u201eDaumen hoch\u201c-Zeichen) oder sind mit dem Zusatz \u201cFacebook Social Plugin\u201d gekennzeichnet. Die Liste und das Aussehen der Facebook Social Plugins k\u00f6nnen Sie hier einsehen: <a href=\"https:\/\/developers.facebook.com\/docs\/plugins\/\"><u>https:\/\/developers.facebook.com\/docs\/plugins\/<\/u><\/a>.<\/p>\r\n\r\n<p>F\u00fcr die Einbindung von Facebook nutzen wir die sogenannte Shariff-L\u00f6sung, die lediglich aus der Verlinkung zum sozialen Netzwerk Facebook besteht, so dass eine Verbindung erst entsteht, sofern Sie auf den Button klicken. Nach Anklicken des Buttons und der Weiterleitung auf die Webseite von Facebook liegt die Informationspflicht nicht mehr bei uns, sondern bei Facebook.<\/p>\r\n\r\n<p>Wenn Sie auf unserer Internetseite ein Symbol von Facebook anklicken, das ein solches Plugin enth\u00e4lt, baut ihr Browser eine direkte Verbindung mit den Servern von Facebook auf. Hierdurch wird an Facebook die Information \u00fcbertragen, dass Sie die Seite aufgerufen haben.<\/p>\r\n\r\n<p>Sollten Sie mit Ihrem Facebook-Account eingeloggt sein, kann durch das Anklicken des Plugins der Besuch unserer Webseite direkt ihrem Profil zugeordnet werden. Auch wenn sie kein Profil besitzen, kann nicht ausgeschlossen werden, dass Facebook Ihre IP Adresse in Erfahrung bringt und speichert. Laut Facebook wird in Deutschland nur eine anonymisierte IP Adresse gespeichert.<\/p>\r\n\r\n<p>Zweck und Umfang der Datenerhebung und die weitere Verarbeitung und Nutzung Ihrer Daten durch Facebook sowie die diesbez\u00fcglichen Rechte und Einstellungsm\u00f6glichkeiten zum Schutz Ihrer Privatsph\u00e4re, entnehmen Sie bitte den Datenschutzhinweisen von Facebook: <a href=\"https:\/\/www.facebook.com\/about\/privacy\/\"><u>https:\/\/www.facebook.com\/about\/privacy\/<\/u><\/a>.<\/p>\r\n\r\n<p>Wenn Sie Mitglied bei Facebook sind und nicht m\u00f6chten, dass Facebook \u00fcber unser Onlineangebot Daten \u00fcber Sie sammelt und mit Ihren, bei Facebook gespeicherten Mitgliedsdaten verkn\u00fcpft, m\u00fcssen Sie sich vor dem Besuch unser Webseite bei Facebook ausloggen und entsprechende Facebook-Cookies l\u00f6schen. Ebenfalls ist es m\u00f6glich Facebook-Social-Plugins mit Add-ons f\u00fcr den Browser zu blocken, zum Beispiel mit dem &#8222;Facebook Blocker&#8220;.<\/p>\r\n\r\n<p>&nbsp;<\/p>\r\n\r\n<h3 class=\"has-text-color wp-block-heading\" style=\"color: #006699;\">8. Sicherheitshinweis<\/h3>\r\n\r\n<p>Wir sind bem\u00fcht, Ihre personenbezogenen Daten durch Ergreifung aller technischen und organisatorischen M\u00f6glichkeiten so zu speichern, dass sie f\u00fcr Dritte und der \u00d6ffentlichkeit nicht zug\u00e4nglich sind. Bei der Kommunikation per E Mail kann die vollst\u00e4ndige Datensicherheit von uns nicht gew\u00e4hrleistet werden, so dass wir Ihnen bei vertraulichen Informationen den Postweg empfehlen.<\/p>\r\n\r\n<p>&nbsp;<\/p>\r\n\r\n<h3 class=\"has-text-color wp-block-heading\" style=\"color: #006699;\">9. Aktualit\u00e4t und \u00c4nderung dieser Datenschutzerkl\u00e4rung<\/h3>\r\n\r\n<p>Diese Datenschutzerkl\u00e4rung ist aktuell g\u00fcltig und hat den Stand Mai 2018.<\/p>\r\n\r\n<p>Nur bis 25.05.2018: Bitte beachten Sie, dass die in der vorstehenden Erkl\u00e4rung vorgenommenen Verweise auf Rechtsquellen bis zum 24.05.2018 auf die Anforderungen des Bundesdatenschutzgesetzes (BDSG) entsprechend auszulegen sind. Insoweit sind jeweilige Rechtsverweise lediglich redaktioneller, nicht inhaltlicher Art und ber\u00fchren die Wirksamkeit nicht. Ab dem 25.05.2018 verliert die vorgenannte Bestimmung an Wirksamkeit.<\/p>\r\n\r\n<p>Durch die Weiterentwicklung unserer Webseite und Angebote dar\u00fcber oder aufgrund ge\u00e4nderter gesetzlicher beziehungsweise beh\u00f6rdlicher Vorgaben kann es notwendig werden, diese Datenschutzerkl\u00e4rung zu \u00e4ndern. Die jeweils aktuelle Datenschutzerkl\u00e4rung kann jederzeit auf der Webseite unter <a href=\"https:\/\/www.die-stadtwerker.de\/datenschutz\/\">https:\/\/www.die-stadtwerker.de\/datenschutz\/<\/a>\u00a0von Ihnen abgerufen und ausgedruckt werden.<\/p>\r\n\r\n<p>&nbsp;<\/p>\r\n\r\n<h3 class=\"has-text-color wp-block-heading\" style=\"color: #006699;\">10. Name und Kontaktdaten des f\u00fcr die Verarbeitung Verantwortlichen<\/h3>\r\n\r\n<p>Schreiben Sie, wenn Sie sonst noch Fragen hinsichtlich der Verarbeitung Ihrer pers\u00f6nlichen Daten haben, an folgende Adresse:<\/p>\r\n\r\n<p>die stadtwerker<br \/>Claus Neupert<br \/>D\u00f6rdlestr. 26, 44892 Bochum<br \/>Telefon: 0234 5444 9580 (Montag bis Freitag 9 -18 Uhr)<br \/>Telefax: 0234 5444 9589<\/p>\r\n\r\n<p>E-Mail: <a href=\"mailto:info@die-stadtwerker.de\">info@die-stadtwerker.de<\/a><\/p>\r\n\r\n<p>Wenn Sie Fragen zum Thema Datenschutz haben, Rechte oder Anspr\u00fcche zu Ihren personenbezogenen Daten aus\u00fcben m\u00f6chten, schicken Sie uns bitte eine E-Mail. Sie k\u00f6nnen uns nat\u00fcrlich auch auf den anderen angegebenen Kommunikationswegen kontaktieren.<\/p>\r\n\r\n<p>&nbsp;<\/p>\r\n<p>[\/vc_column_text][\/vc_column][vc_column width=&#8220;1\/4&#8243;][vc_empty_space][\/vc_column][\/vc_row]<\/p>","protected":false},"excerpt":{"rendered":"<p>[vc_row css=&#8220;.vc_custom_1588928574376{padding-top: 100px !important;}&#8220;][vc_column width=&#8220;1\/4&#8243;][vc_empty_space][\/vc_column][vc_column width=&#8220;1\/2&#8243;][vc_column_text] Datenschutzerkl\u00e4rung Die Erhebung, Verarbeitung und Nutzung Ihrer Daten durch die stadtwerker erfolgt im Rahmen der gesetzlichen Vorschriften, \u00fcber die Sie sich z.B. unter www.bfd.bund.de informieren k\u00f6nnen. Nachfolgend erfahren Sie, welche Informationen gesammelt werden und wie mit diesen verfahren wird. &nbsp; 1. Erhebung und Speicherung personenbezogener Daten sowie Art und [&hellip;]<\/p>\n","protected":false},"author":1,"featured_media":0,"parent":0,"menu_order":0,"comment_status":"closed","ping_status":"closed","template":"","meta":{"footnotes":""},"_links":{"self":[{"href":"https:\/\/die-stadtwerker.de\/index.php?rest_route=\/wp\/v2\/pages\/58"}],"collection":[{"href":"https:\/\/die-stadtwerker.de\/index.php?rest_route=\/wp\/v2\/pages"}],"about":[{"href":"https:\/\/die-stadtwerker.de\/index.php?rest_route=\/wp\/v2\/types\/page"}],"author":[{"embeddable":true,"href":"https:\/\/die-stadtwerker.de\/index.php?rest_route=\/wp\/v2\/users\/1"}],"replies":[{"embeddable":true,"href":"https:\/\/die-stadtwerker.de\/index.php?rest_route=%2Fwp%2Fv2%2Fcomments&post=58"}],"version-history":[{"count":11,"href":"https:\/\/die-stadtwerker.de\/index.php?rest_route=\/wp\/v2\/pages\/58\/revisions"}],"predecessor-version":[{"id":270,"href":"https:\/\/die-stadtwerker.de\/index.php?rest_route=\/wp\/v2\/pages\/58\/revisions\/270"}],"wp:attachment":[{"href":"https:\/\/die-stadtwerker.de\/index.php?rest_route=%2Fwp%2Fv2%2Fmedia&parent=58"}],"curies":[{"name":"wp","href":"https:\/\/api.w.org\/{rel}","templated":true}]}}