{"id":30,"date":"2017-07-05T12:45:54","date_gmt":"2017-07-05T10:45:54","guid":{"rendered":"http:\/\/die-stadtwerker.de\/?page_id=30"},"modified":"2020-05-28T13:37:22","modified_gmt":"2020-05-28T11:37:22","slug":"stellenangebote","status":"publish","type":"page","link":"https:\/\/die-stadtwerker.de\/?page_id=30","title":{"rendered":"JOBS"},"content":{"rendered":"<p>[vc_row css=&#8220;.vc_custom_1587982416582{padding-top: 150px !important;}&#8220;][vc_column width=&#8220;1\/6&#8243;][vc_empty_space][\/vc_column][vc_column width=&#8220;5\/6&#8243;][vc_column_text]<\/p>\n<h2>JOBS \/ STELLENANGEBOTE<\/h2>\n<p>[\/vc_column_text][vc_separator][\/vc_column][\/vc_row][vc_row el_id=&#8220;job&#8220;][vc_column width=&#8220;1\/6&#8243;][vc_empty_space][\/vc_column][vc_column width=&#8220;1\/2&#8243;][vc_column_text css=&#8220;.vc_custom_1590665824079{background-color: #003466 !important;}&#8220;]<b>Freie Handelsvertreter\/innen<\/b> f\u00fcr den Vertrieb von Strom- und Gastarifen gesucht. Seri\u00f6ses Auftreten und verk\u00e4uferischer Biss zeichnen Sie aus. Unsere Auftraggeber sind gro\u00dfe, namhafte Energieversorger mit Sitz in Bochum, Witten und im Ennepe-Ruhr Kreis. Einsatzort ist der Gro\u00dfraum Ruhrgebiet. Ausweis, Werbemittel und Marketingunterlagen werden von den Auftraggebern gestellt. Faire Provisionen, transparente, monatliche Abrechnungen, Schulungen und ein Back Office Team.\u00a0 <span lang=\"EN-US\">die stadtwerker. <\/span><\/p>\n<p><span lang=\"EN-US\">Infos per mail: <a href=\"mailto:job@die-stadtwerker.de\">job@die-stadtwerker.de<\/a> oder telefonisch 0234 \u2013 5444 95 80<\/span>[\/vc_column_text][vc_column_text css=&#8220;.vc_custom_1588245081661{background-color: #003466 !important;}&#8220;]<b>Einfache Nebenbesch\u00e4ftigung f\u00fcr Studenten\/innen<\/b>. Wir suchen Sie zur Unterst\u00fctzung unserer Vertriebsaktivit\u00e4ten. Unser Auftraggeber ist ein namhafter, seri\u00f6ser Energieversorger in Bochum. Sie besuchen Kunden vor Ort und vereinbaren Beratungstermine f\u00fcr unseren Au\u00dfendienst. Kein Verkauf! Einsatzort ist Bochum und der Gro\u00dfraum Ruhrgebiet. Arbeitszeiten sind flexibel und \u00fcberwiegend frei zu gestalten. <span lang=\"EN-US\">What\u00b4s Up! Consulting &amp; Recruiting. <\/span><\/p>\n<p><span lang=\"EN-US\">Bewerbung per mail: <a href=\"mailto:job@die-stadtwerker.de\">job@die-stadtwerker.de<\/a> oder telefonisch 0234 \u2013 5444 95 80<\/span>[\/vc_column_text][\/vc_column][vc_column width=&#8220;1\/3&#8243;][vc_single_image image=&#8220;267&#8243; img_size=&#8220;full&#8220;][\/vc_column][\/vc_row]<\/p>\n","protected":false},"excerpt":{"rendered":"<p>[vc_row css=&#8220;.vc_custom_1587982416582{padding-top: 150px !important;}&#8220;][vc_column width=&#8220;1\/6&#8243;][vc_empty_space][\/vc_column][vc_column width=&#8220;5\/6&#8243;][vc_column_text] JOBS \/ STELLENANGEBOTE [\/vc_column_text][vc_separator][\/vc_column][\/vc_row][vc_row el_id=&#8220;job&#8220;][vc_column width=&#8220;1\/6&#8243;][vc_empty_space][\/vc_column][vc_column width=&#8220;1\/2&#8243;][vc_column_text css=&#8220;.vc_custom_1590665824079{background-color: #003466 !important;}&#8220;]Freie Handelsvertreter\/innen f\u00fcr den Vertrieb von Strom- und Gastarifen gesucht. Seri\u00f6ses Auftreten und verk\u00e4uferischer Biss zeichnen Sie aus. Unsere Auftraggeber sind gro\u00dfe, namhafte Energieversorger mit Sitz in Bochum, Witten und im Ennepe-Ruhr Kreis. Einsatzort ist der Gro\u00dfraum Ruhrgebiet. Ausweis, Werbemittel [&hellip;]<\/p>\n","protected":false},"author":1,"featured_media":0,"parent":0,"menu_order":0,"comment_status":"closed","ping_status":"closed","template":"","meta":{"footnotes":""},"_links":{"self":[{"href":"https:\/\/die-stadtwerker.de\/index.php?rest_route=\/wp\/v2\/pages\/30"}],"collection":[{"href":"https:\/\/die-stadtwerker.de\/index.php?rest_route=\/wp\/v2\/pages"}],"about":[{"href":"https:\/\/die-stadtwerker.de\/index.php?rest_route=\/wp\/v2\/types\/page"}],"author":[{"embeddable":true,"href":"https:\/\/die-stadtwerker.de\/index.php?rest_route=\/wp\/v2\/users\/1"}],"replies":[{"embeddable":true,"href":"https:\/\/die-stadtwerker.de\/index.php?rest_route=%2Fwp%2Fv2%2Fcomments&post=30"}],"version-history":[{"count":25,"href":"https:\/\/die-stadtwerker.de\/index.php?rest_route=\/wp\/v2\/pages\/30\/revisions"}],"predecessor-version":[{"id":274,"href":"https:\/\/die-stadtwerker.de\/index.php?rest_route=\/wp\/v2\/pages\/30\/revisions\/274"}],"wp:attachment":[{"href":"https:\/\/die-stadtwerker.de\/index.php?rest_route=%2Fwp%2Fv2%2Fmedia&parent=30"}],"curies":[{"name":"wp","href":"https:\/\/api.w.org\/{rel}","templated":true}]}}